{"id":103,"date":"2020-02-26T22:23:10","date_gmt":"2020-02-26T21:23:10","guid":{"rendered":"http:\/\/stadtjugendring-loehne.de\/?page_id=103"},"modified":"2020-02-26T23:07:11","modified_gmt":"2020-02-26T22:07:11","slug":"wer-sind-wir","status":"publish","type":"page","link":"http:\/\/stadtjugendring-loehne.de\/","title":{"rendered":"Wer sind Wir"},"content":{"rendered":"\n<p>Was macht der Stadtjugendring L\u00f6hne e.V. eigentlich?<br>Hierzu ein Auszug aus der Satzung:<\/p>\n\n\n\n<p><em>&#8222;Der Stadtjugendring L\u00f6hne e.V. ist eine freiwillige Arbeitsgemeinschaft von Jugendverb\u00e4nden, die in der Stadt L\u00f6hne selbst\u00e4ndige Jugendarbeit leisten. Er hat zum Ziel, gemeinsame Aufgaben wahrzunehmen und zu f\u00f6rdern, den sozialen, kulturellen und politischen Interessen der gesamten Jugend zu dienen und Meinungen und Forderungen der jungen Generation in der \u00d6ffentlichkeit zu vertreten. Er will seinen Beitrag bei der Verwirklichung des Grundgesetzes und der Grundrechte leisten.&#8220;<\/em><\/p>\n\n\n\n<p>Prim\u00e4r sind deshalb die Aufgaben des Stadtjugendring L\u00f6hne e.V., die F\u00f6rderung der Vereine der Stadt L\u00f6hne sofern sie aktive Jugend- und Kulturarbeit leisten. Wenn Ihr einen Verein habt meldet ihn bei uns an und wir unterst\u00fctzen eure Aktivit\u00e4ten!<\/p>\n","protected":false},"excerpt":{"rendered":"<p>Was macht der Stadtjugendring L\u00f6hne e.V. eigentlich?Hierzu ein Auszug aus der Satzung: &#8222;Der Stadtjugendring L\u00f6hne e.V. ist eine freiwillige Arbeitsgemeinschaft von Jugendverb\u00e4nden, die in der Stadt L\u00f6hne selbst\u00e4ndige Jugendarbeit leisten. Er hat zum Ziel, gemeinsame Aufgaben wahrzunehmen und zu f\u00f6rdern, den sozialen, kulturellen und politischen Interessen der gesamten Jugend zu dienen und Meinungen und Forderungen&#8230;<\/p>\n","protected":false},"author":1,"featured_media":66,"parent":0,"menu_order":0,"comment_status":"closed","ping_status":"closed","template":"","meta":{"footnotes":""},"_links":{"self":[{"href":"http:\/\/stadtjugendring-loehne.de\/index.php?rest_route=\/wp\/v2\/pages\/103"}],"collection":[{"href":"http:\/\/stadtjugendring-loehne.de\/index.php?rest_route=\/wp\/v2\/pages"}],"about":[{"href":"http:\/\/stadtjugendring-loehne.de\/index.php?rest_route=\/wp\/v2\/types\/page"}],"author":[{"embeddable":true,"href":"http:\/\/stadtjugendring-loehne.de\/index.php?rest_route=\/wp\/v2\/users\/1"}],"replies":[{"embeddable":true,"href":"http:\/\/stadtjugendring-loehne.de\/index.php?rest_route=%2Fwp%2Fv2%2Fcomments&post=103"}],"version-history":[{"count":1,"href":"http:\/\/stadtjugendring-loehne.de\/index.php?rest_route=\/wp\/v2\/pages\/103\/revisions"}],"predecessor-version":[{"id":104,"href":"http:\/\/stadtjugendring-loehne.de\/index.php?rest_route=\/wp\/v2\/pages\/103\/revisions\/104"}],"wp:featuredmedia":[{"embeddable":true,"href":"http:\/\/stadtjugendring-loehne.de\/index.php?rest_route=\/wp\/v2\/media\/66"}],"wp:attachment":[{"href":"http:\/\/stadtjugendring-loehne.de\/index.php?rest_route=%2Fwp%2Fv2%2Fmedia&parent=103"}],"curies":[{"name":"wp","href":"https:\/\/api.w.org\/{rel}","templated":true}]}}